{"id":357,"date":"2017-07-21T09:36:18","date_gmt":"2017-07-21T06:36:18","guid":{"rendered":"http:\/\/td_uid_15_5971a0e2eafea"},"modified":"2019-11-11T12:47:06","modified_gmt":"2019-11-11T09:47:06","slug":"contact","status":"publish","type":"page","link":"https:\/\/www.telehouseistanbul.com\/ar\/contact\/","title":{"rendered":"CONTACT US"},"content":{"rendered":"<p>[vc_row container_class=&#8221;container&#8221; gmbt_prlx_bg_type=&#8221;parallax&#8221; gmbt_prlx_break_parents=&#8221;0&#8243; gmbt_prlx_video_youtube_loop_trigger=&#8221;0&#8243; gmbt_prlx_video_aspect_ratio=&#8221;16:9&#8243; gmbt_prlx_parallax=&#8221;none&#8221; gmbt_prlx_speed=&#8221;0.3&#8243; css=&#8221;.vc_custom_1420798475289{margin-bottom: 85px !important;padding-top: 45px !important;padding-bottom: 45px !important;background-color: #f3f3f3 !important;}&#8221;][vc_column width=&#8221;1\/3&#8243;]<div class=\"ts-contact-hotline text-center\">\r\n\t\t\t\t\t<div class=\"table-cell\">\r\n\t\t\t\t\t\t<span class=\"ts-contact-icon\" style=\"color:#d85226;\"><i class=\"fa fa-info-circle\"><\/i><\/span>\r\n\t\t\t\t\t\t<div class=\"ts-contact-info\">\r\n\t\t\t\t\t\t\t<h4>\u0627\u0644\u062d\u0635\u0648\u0644 \u0639\u0644\u0649 \u0639\u0631\u0636<\/h4>\t\t\t\t<h2>+90 216 665 7700<\/h2>\t\t<a href=\"mailto:sales@teknotel.com\">sales@teknotel.com<\/a>\t\t<\/div>\r\n\t\t\t\t\t<\/div>\r\n\t\t\t\t<\/div>[\/vc_column][vc_column width=&#8221;1\/3&#8243;]<div class=\"ts-contact-hotline text-center\">\r\n\t\t\t\t\t<div class=\"table-cell\">\r\n\t\t\t\t\t\t<span class=\"ts-contact-icon\" style=\"color:#d85226;\"><i class=\"fa fa-ticket\"><\/i><\/span>\r\n\t\t\t\t\t\t<div class=\"ts-contact-info\">\r\n\t\t\t\t\t\t\t<h4>\u0627\u0644\u062f\u0639\u0645 \u0627\u0644\u062a\u0642\u0646\u064a<\/h4>\t\t\t\t<h2>444 12 99<\/h2>\t\t<a href=\"mailto:tdestek@teknotel.com\">tdestek@teknotel.com<\/a>\t\t<\/div>\r\n\t\t\t\t\t<\/div>\r\n\t\t\t\t<\/div>[\/vc_column][vc_column width=&#8221;1\/3&#8243;]<div class=\"ts-contact-hotline text-center\">\r\n\t\t\t\t\t<div class=\"table-cell\">\r\n\t\t\t\t\t\t<span class=\"ts-contact-icon\" style=\"color:#d85226;\"><i class=\"fa fa-credit-card\"><\/i><\/span>\r\n\t\t\t\t\t\t<div class=\"ts-contact-info\">\r\n\t\t\t\t\t\t\t<h4>\u0627\u0644\u0641\u0648\u0627\u062a\u064a\u0631:<\/h4>\t\t\t\t<h2>+90 216 665 7700<\/h2>\t\t<a href=\"mailto:accounting@teknotel.com\">accounting@teknotel.com<\/a>\t\t<\/div>\r\n\t\t\t\t\t<\/div>\r\n\t\t\t\t<\/div>[\/vc_column][\/vc_row][vc_row container_class=&#8221;container&#8221; gmbt_prlx_bg_type=&#8221;parallax&#8221; gmbt_prlx_break_parents=&#8221;0&#8243; gmbt_prlx_video_youtube_loop_trigger=&#8221;0&#8243; gmbt_prlx_video_aspect_ratio=&#8221;16:9&#8243; gmbt_prlx_parallax=&#8221;none&#8221; gmbt_prlx_speed=&#8221;0.3&#8243;][vc_column width=&#8221;3\/4&#8243;]<div class=\"ts-section-title  text-left\" style=\"color:#737373\">\r\n\t\t\t\t<h2 style=\"color:#252525;font-size:30px;\">\u062a\u0648\u0627\u0635\u0644 \u0645\u0639\u0646\u0627!<\/h2><\/div>[vc_column_text]<strong>Teknotel Telekom\u00fcnikasyon Sanayi ve Ticaret A.\u015e.<\/strong><\/p>\n<p>\u0627\u0644\u0628\u0631\u064a\u062f \u0627\u0644\u0627\u0644\u0643\u062a\u0631\u0648\u0646\u064a: teknotel.telekom@hs01.kep.tr<\/p>\n<p>\u0646\u0638\u0627\u0645 \u0627\u0644\u0633\u062c\u0644 \u0627\u0644\u0645\u0631\u0643\u0632\u064a : 0836035921100019<\/p>\n<p>\u0627\u0628\u0642 \u0639\u0644\u0649 \u062a\u0648\u0627\u0635\u0644 \u0645\u0639\u0646\u0627!<\/p>\n<p>\u064a\u0645\u0643\u0646\u0643\u0645 \u0627\u0644\u062a\u0648\u0627\u0635\u0644 \u0645\u0639\u0646\u0627 \u0645\u0646 \u062e\u0644\u0627\u0644 \u0627\u0644\u0628\u0631\u064a\u062f \u0627\u0644\u0627\u0644\u0643\u062a\u0631\u0648\u0646\u064a \u0623\u0648 \u0627\u0644\u0647\u0627\u062a\u0641 \u0623\u0648 \u0645\u0644\u0626 \u0627\u0633\u062a\u0645\u0627\u0631\u0629 \u0627\u0644\u062a\u0648\u0627\u0635\u0644 \u0645\u0646 \u0623\u062c\u0644 \u0627\u0644\u062a\u0648\u0627\u0635\u0644 \u0645\u0639\u00a0 \u0641\u0631\u064a\u0642\u0646\u0627 \u0627\u0644\u0630\u064a \u0633\u064a\u0643\u0648\u0646 \u0639\u0644\u0649\u00a0 \u0627\u0633\u062a\u0639\u062f\u0627\u062f \u0643\u0627\u0645\u0644 \u0644\u062a\u0642\u062f\u064a\u0645 \u0627\u0644\u0645\u0633\u0627\u0639\u062f\u0629 \u0648 \u0627\u0644\u0627\u062c\u0627\u0628\u0629 \u0639\u0644\u0649 \u0627\u0633\u062a\u0641\u0633\u0627\u0631\u0627\u062a\u0643\u0645 \u0648 \u062a\u0642\u062f\u064a\u0645 \u0627\u0644\u0646\u0635\u0627\u0626\u062d \u0627\u0644\u0644\u0627\u0632\u0645\u0629.[\/vc_column_text][vc_gmaps link=&#8221;#E-8_JTNDaWZyYW1lJTIwc3JjJTNEJTIyaHR0cHMlM0ElMkYlMkZ3d3cuZ29vZ2xlLmNvbSUyRm1hcHMlMkZlbWJlZCUzRnBiJTNEJTIxMW0xNCUyMTFtOCUyMTFtMyUyMTFkMTUwNi4xNDMzMTMzNDgyMzglMjEyZDI5LjA5NzQwNzMwNDMxODg1MyUyMTNkNDAuOTc1MjA0MTI0MjExNjE1JTIxM20yJTIxMWkxMDI0JTIxMmk3NjglMjE0ZjEzLjElMjEzbTMlMjExbTIlMjExczB4MCUyNTNBMHhiNDA3MGMwMTI4YmE0MzVhJTIxMnNUZWxlaG91c2UlMkIlMjVDNCUyNUIwc3RhbmJ1bCUyMTVlMCUyMTNtMiUyMTFzdHIlMjEyc3RyJTIxNHYxNTE4Nzc3ODI3MDYzJTIyJTIwd2lkdGglM0QlMjI2MDAlMjIlMjBoZWlnaHQlM0QlMjI0NTAlMjIlMjBmcmFtZWJvcmRlciUzRCUyMjAlMjIlMjBzdHlsZSUzRCUyMmJvcmRlciUzQTAlMjIlMjBhbGxvd2Z1bGxzY3JlZW4lM0UlM0MlMkZpZnJhbWUlM0U=&#8221;][\/vc_column][vc_column width=&#8221;1\/4&#8243;]<div class=\"ts-section-title  text-left\" style=\"color:#737373\">\r\n\t\t\t\t<h2 style=\"color:#252525;font-size:30px;\">\u0645\u0639\u0644\u0648\u0645\u0627\u062a:<\/h2><\/div><div class=\"ts-contact-infomation left wpb_text_column wpb_content_element  vc_custom_1506674213931\">\r\n\t\t\t\t\t\t<h4>TEKNOTEL TELEKOM<\/h4>\t\t\t\t<p>Kozyata\u011f\u0131 Mahallesi Saniye Ermutlu Sokak No.10 34742 Kad\u0131k\u00f6y\/Istanbul TURKEY<\/p>\t\t<span>Email<\/span>: <a href=\"mailto:http:\/\/satis@teknotel.com\">satis@teknotel.com<\/a><br \/>\r\n\t\t\t\t\t\t<span>Phone<\/span>: +90 216 665 7700<br \/>\r\n\t\t\t\t\t\t<span>Fax<\/span>: +90 216 665 7777<br \/>\t<\/div>[vc_separator][\/vc_column][\/vc_row]<\/p>\n","protected":false},"excerpt":{"rendered":"<p>[vc_row container_class=&#8221;container&#8221; gmbt_prlx_bg_type=&#8221;parallax&#8221; gmbt_prlx_break_parents=&#8221;0&#8243; gmbt_prlx_video_youtube_loop_trigger=&#8221;0&#8243; gmbt_prlx_video_aspect_ratio=&#8221;16:9&#8243; gmbt_prlx_parallax=&#8221;none&#8221; gmbt_prlx_speed=&#8221;0.3&#8243; css=&#8221;.vc_custom_1420798475289{margin-bottom: 85px !important;padding-top: 45px !important;padding-bottom: 45px !important;background-color: #f3f3f3 !important;}&#8221;][vc_column width=&#8221;1\/3&#8243;][\/vc_column][vc_column width=&#8221;1\/3&#8243;][\/vc_column][vc_column width=&#8221;1\/3&#8243;][\/vc_column][\/vc_row][vc_row container_class=&#8221;container&#8221; gmbt_prlx_bg_type=&#8221;parallax&#8221; gmbt_prlx_break_parents=&#8221;0&#8243; gmbt_prlx_video_youtube_loop_trigger=&#8221;0&#8243; gmbt_prlx_video_aspect_ratio=&#8221;16:9&#8243; gmbt_prlx_parallax=&#8221;none&#8221; gmbt_prlx_speed=&#8221;0.3&#8243;][vc_column width=&#8221;3\/4&#8243;][vc_column_text]Teknotel Telekom\u00fcnikasyon Sanayi ve Ticaret A.\u015e. \u0627\u0644\u0628\u0631\u064a\u062f \u0627\u0644\u0627\u0644\u0643\u062a\u0631\u0648\u0646\u064a: teknotel.telekom@hs01.kep.tr \u0646\u0638\u0627\u0645 \u0627\u0644\u0633\u062c\u0644 \u0627\u0644\u0645\u0631\u0643\u0632\u064a : 0836035921100019 \u0627\u0628\u0642 \u0639\u0644\u0649 \u062a\u0648\u0627\u0635\u0644 \u0645\u0639\u0646\u0627! \u064a\u0645\u0643\u0646\u0643\u0645 \u0627\u0644\u062a\u0648\u0627\u0635\u0644 \u0645\u0639\u0646\u0627 \u0645\u0646 \u062e\u0644\u0627\u0644 \u0627\u0644\u0628\u0631\u064a\u062f \u0627\u0644\u0627\u0644\u0643\u062a\u0631\u0648\u0646\u064a \u0623\u0648 \u0627\u0644\u0647\u0627\u062a\u0641 \u0623\u0648 [&hellip;]<\/p>\n","protected":false},"author":3,"featured_media":1491,"parent":0,"menu_order":0,"comment_status":"open","ping_status":"closed","template":"templates\/fullwidth-template.php","meta":[],"_links":{"self":[{"href":"https:\/\/www.telehouseistanbul.com\/ar\/wp-json\/wp\/v2\/pages\/357"}],"collection":[{"href":"https:\/\/www.telehouseistanbul.com\/ar\/wp-json\/wp\/v2\/pages"}],"about":[{"href":"https:\/\/www.telehouseistanbul.com\/ar\/wp-json\/wp\/v2\/types\/page"}],"author":[{"embeddable":true,"href":"https:\/\/www.telehouseistanbul.com\/ar\/wp-json\/wp\/v2\/users\/3"}],"replies":[{"embeddable":true,"href":"https:\/\/www.telehouseistanbul.com\/ar\/wp-json\/wp\/v2\/comments?post=357"}],"version-history":[{"count":29,"href":"https:\/\/www.telehouseistanbul.com\/ar\/wp-json\/wp\/v2\/pages\/357\/revisions"}],"predecessor-version":[{"id":2826,"href":"https:\/\/www.telehouseistanbul.com\/ar\/wp-json\/wp\/v2\/pages\/357\/revisions\/2826"}],"wp:featuredmedia":[{"embeddable":true,"href":"https:\/\/www.telehouseistanbul.com\/ar\/wp-json\/wp\/v2\/media\/1491"}],"wp:attachment":[{"href":"https:\/\/www.telehouseistanbul.com\/ar\/wp-json\/wp\/v2\/media?parent=357"}],"curies":[{"name":"wp","href":"https:\/\/api.w.org\/{rel}","templated":true}]}}