{"id":783,"date":"2017-09-14T19:34:17","date_gmt":"2017-09-14T16:34:17","guid":{"rendered":"http:\/\/teknotel.webturesproje.com\/?page_id=783"},"modified":"2018-03-28T10:45:54","modified_gmt":"2018-03-28T07:45:54","slug":"cloud-server","status":"publish","type":"page","link":"https:\/\/www.telehouseistanbul.com\/ar\/cloud-server\/","title":{"rendered":"CLOUD SERVER"},"content":{"rendered":"<p>[vc_row][vc_column][vc_column_text]<\/p>\n<h4>TELEHOUSE ISTANBUL PRIVATE and HYBRID CLOUD Services provides maximum Performance, Scalability, and Security<\/h4>\n<p>We want to make sure that we provide you with the most appropriate and fitting cloud service for your firm.<\/p>\n<p>Regarding security, proficiency, and cost-effectiveness our specialist and experienced team can try and help you choose the most appropriate cloud service for your business to remain competitive and up brand-new. Your needs demand scalability, connectivity, high-performance, and reliability to the best and highest extent the cloud can offer.<\/p>\n<p>&nbsp;<\/p>\n<h5>Why TELEHOUSE ISTANBUL Cloud Services?<\/h5>\n<p>[\/vc_column_text][\/vc_column][\/vc_row][vc_row][vc_column][vc_column_text][\/vc_column_text][\/vc_column][\/vc_row][vc_row][vc_column][vc_tta_tour][vc_tta_section title=&#8221;Hybrid &#038; Private Cloud Environments&#8221; tab_id=&#8221;1512044477067-9e9111e2-9c77&#8243;][vc_column_text]We can provide with an optimised private network that guarantees application access at an accelerated speed for those private and hybrid hosted apps.[\/vc_column_text][\/vc_tta_section][vc_tta_section title=&#8221;Lower Costs &#8221; tab_id=&#8221;1512044477067-134b59ce-c532&#8243;][vc_column_text]TELEHOUSE ISTANBUL can provide cheaper cloud services by virtualizing infrastructure. Your updating software, data center, maintenance and hardware costs are all increased by 80 percent, along with an increase in your profitability. This is a good thing for small firms and start-up enterprises alike.[\/vc_column_text][\/vc_tta_section][vc_tta_section title=&#8221;Fast and Flexible &#8221; tab_id=&#8221;1512044608884-3cc70e6c-386e&#8221;][vc_column_text]You can scale as you go with cloud services. Once you have purchased your cloud server your service is then activated soon after. The bandwidth or the specifications of your server can be downgraded or upgraded immediately always and whenever you need them to be, they are both responsive and flexible.[\/vc_column_text][\/vc_tta_section][vc_tta_section title=&#8221;Worldwide Impact &#038; Presence&#8221; tab_id=&#8221;1512044610639-b9966e51-a953&#8243;][vc_column_text]48 data centers are operated across a total of 24 cities by TELEHOUSE. They are all situated in thirteen nations, but\u00a0which offer the same top-notch service and consistent service.[\/vc_column_text][\/vc_tta_section][vc_tta_section title=&#8221;Reliability At The Highest Level&#8221; tab_id=&#8221;1512044611511-27378313-299f&#8221;][vc_column_text]Multi-layer redundancy and failovers are part and parcel of the cloud services that we offer, ensuring that downtime issues are less and less frequent. Round the clock engineering and technical service are provided but TELEHOUSE ISTANBUL, which can ensure security and engineering support at every part of the day to ensure high-service standard, mission-critical data security, and quality reliability. As a Tier 3+ data center TELEHOUSE ISTANBUL, offering \u00a0a service as a completely redundant 2(N+1) with a 99\/999% uptime record can ensure safety and security, and confidence from our customers.[\/vc_column_text][\/vc_tta_section][vc_tta_section title=&#8221;Carrier Neutral Access Infrastructure Connectivity&#8221; tab_id=&#8221;1512044712564-fa4db993-a93c&#8221;][vc_column_text]Carrier neutral access structure of TELEHOUSE ISTANBUL can integrate the most important voice and data networks of the region while also giving customers alternative access solutions.[\/vc_column_text][\/vc_tta_section][vc_tta_section title=&#8221;Redundant Storage&#8221; tab_id=&#8221;1512044714157-5ccbcbf4-deef&#8221;][vc_column_text]HP storage structure facilitates physically redundant disc capacity N+N redundancy. A cache structure over SD and RAID-5 discs bring about 100% continuity and allow the running of all storage layers.[\/vc_column_text][\/vc_tta_section][vc_tta_section title=&#8221;Robust Infrastructure&#8221; tab_id=&#8221;1512044715038-770e2a08-c058&#8243;][vc_column_text]Flexible virtualization platforms are used for the running of our cloud servers per cutting edge hardware infrastructure, they are kept and secured in TELEHOUSE\u2019s data centers made and constructed according to worldwide protocols and standards.[\/vc_column_text][\/vc_tta_section][vc_tta_section title=&#8221;Management Of Capacity&#8221; tab_id=&#8221;1512044827694-e76540f5-76a5&#8243;][vc_column_text]Cloud services can increase capacity immediately and take the success and efficacy of your firm to the optimal level. Your capacity requirement can, with reporting and prior planning guarantee optimal efficiency.[\/vc_column_text][\/vc_tta_section][vc_tta_section title=&#8221;Management, Monitoring And Support Always And Everywhere&#8221; tab_id=&#8221;1512044829505-dedb59ab-b372&#8243;][vc_column_text]On a 365\/24 basis, support teams and specialized, highly-trained support teams guarantee that clients can facilitate, no matter their footprint, access at all times.<\/p>\n<ul>\n<li>Uninterrupted access at all times<\/li>\n<li>Unrestricted usage or callouts<\/li>\n<li>Service engineers and technical support at all takes<\/li>\n<li>Answering of your ticket within a quarter of an hour per our ticketing system.<\/li>\n<\/ul>\n<p>[\/vc_column_text][\/vc_tta_section][\/vc_tta_tour][\/vc_column][\/vc_row][vc_row][vc_column][vc_column_text][\/vc_column_text][\/vc_column][\/vc_row][vc_row][vc_column]<table class=\"ts-compare-table ts-data-table ts-res-table\">\r\n\t\t\t\t<thead>\r\n\t\t\t\t<tr class=\"title-table-data\"><th>Private Cloud<\/th><th>Hybrid Cloud<\/th><\/tr>\r\n\t\t\t\t<\/thead>\r\n\t\t\t\t<tbody>\t<tr>\t\t\t<td data-title=\"Private Cloud\">When your most \u0131mportant concern \u0131s secur\u0131ty <\/td>\t\t\t<td data-title=\"Hybrid Cloud\"> When you requ\u0131re each of them, to fac\u0131l\u0131tate access to your customers and ensure your data \u0131s protected.<\/td>\t<\/tr><\/tbody><\/table>[\/vc_column][\/vc_row][vc_row][vc_column][vc_column_text]<\/p>\n<p>&nbsp;<\/p>\n<h5>What is Private Cloud?<\/h5>\n<p><strong>Control and Security \u2013 Private Cloud Services<\/strong><\/p>\n<p>As the name suggests, the private cloud is utilized and places within particular safe parameters and boundaries totally monitored and managed through the users via a solitary firm.<\/p>\n<p><em>Pushing the means and resources to the limit, safeguarding information and making it secure.<\/em><\/p>\n<p>Don\u2019t worry, we have kept the customer in mind when we designed and devised the private cloud. By using our dedicated cloud technology, you can safeguard and isolate your perimeter against attacks and hacks.<\/p>\n<p><strong>TELEHOUSE ISTANBUL<\/strong> is focussed on ensuring your attention is concentrated on your business and its operations by taking care of you through our technical workers, expertise, powerful servers and monitoring systems.<\/p>\n<p>Cloud Privacy: What Is It?<\/p>\n<ul>\n<li>Shared servers, private and onsite<\/li>\n<li>Customised tenant<\/li>\n<li>Private networking connections, fiber connections and internet connections<\/li>\n<li>Limitless scalability<\/li>\n<li>Better performance level.<\/li>\n<\/ul>\n<p>&nbsp;<\/p>\n<h5>What is Hybrid Cloud?<\/h5>\n<p><strong>Security and Access to Hybrid cloud services<\/strong><\/p>\n<p>Sensitive management and protection that facilitates both silos and pay-as-you-go applications while guaranteeing privacy.<\/p>\n<p>Hybrid Cloud solutions have been devised to ensure that you are provided with both global responsiveness for efficacious corporate performance with highest levels of confidentiality.<\/p>\n<p>Presenting a collection of dedicated servers, motoring systems, technical expertise and personnel, <strong>TELEHOUSE ISTANBUL<\/strong> provides security and protection, as well as accessibility so you can conduct your corporation on a global scale.<\/p>\n<p><strong><em>Does The Hybrid Cloud Impact My Business And, If So, How?<\/em><\/strong><\/p>\n<ul>\n<li>Operational agility and greater flexibility: If you need to increase the level of your bandwidth then Scale up! Sale down if you have to lower your bandwidth \u2013it\u2019s as simple as that.<\/li>\n<li>Disaster recovery: as the cloud is used to store all data, your corporation or firm need to be able to access these data always and everywhere, just in case a computer or computer device goes missing or is stolen. Remotely erasing data on these devices ensures that you can be assured that the information does not go into the wrong hands.<\/li>\n<li>Better and enhanced Collaboration in the Workplace: Teams can access, share, and document data at all times and places and without limitation. Real-time updates ensure immediate service while preventing problematic and misleading email threads that leave you asking where the most recent version of a document is.<\/li>\n<li>Virtual abilities in the virtual workplace: if you have access to the internet then you are in the workplace. Thanks to the cloud corporations and firms can now help their workers secure greater workplace flexibility without mitigating your business, its service, and its products.<\/li>\n<li>Automatic Software Updates: You don\u2019t have to concern yourself over completion and finishing updates. You can have servers that are remote and off the premises, essential updates for critical software performances are taken care of automatically for your peace of mind.<\/li>\n<li>Greater competitive capacities: When we move into the operations in the cloud and all the benefits it provides, small and large corporations alike share the same and equal benefits. Indeed, small firms can run with the same efficacy and efficiency as larger firms through using pay-as-you-go services and business apps in the cloud.<\/li>\n<li>A more sustainable and environmentally friendly option: The cloud means that your corporation&#8217;s bandwidth use can change, scale up and scaling down server capacity according to your needs, this ensures lower energy usage and greater ecological benefit.<\/li>\n<li>Private on-premise infrastructure with direct access, meaning that access does not need the internet to push its content through, and so time is saved, the risk is reduced, and latency is lowered compared to the cloud used by the general public.<\/li>\n<li>Average corporate workloads are supported through on-site computational infrastructure, though when failover occurs the potential to use and leverage the public cloud means that restrictions of the private cloud are not the limit for computational power.<\/li>\n<li>Private and public components can be controlled to a greater extent.<\/li>\n<li>Lower costs and reduced expenditure, you must have to pay for the additional computational time when the public cloud is accessed and utilized.<\/li>\n<li>Server design flexibility: firms can secure higher flexibility though building hybrid cloud\u2019s private ends, lower costs are incurred, and greater flexibility is attained through more expedient archival storage process.<\/li>\n<\/ul>\n<p>&nbsp;<\/p>\n<h4>TELEHOUSE ISTANBUL CLOUD MODELS<\/h4>\n<p>[\/vc_column_text][\/vc_column][\/vc_row][vc_row][vc_column][vc_tta_tabs spacing=&#8221;2&#8243; active_section=&#8221;1&#8243; pagination_style=&#8221;outline-round&#8221; pagination_color=&#8221;blue&#8221;][vc_tta_section title=&#8221;INFRASTRUCTURE AS A SERVICE (IaaS)&#8221; tab_id=&#8221;1512046545584-45f60e5c-93d0&#8243;][vc_column_text]We manage and deploy a pre-configured and virtual server, allowing you to spin up computational power and virtual machines though it does not demand the same management, labor-intensive demands on your workforce or investment and costs regarding hardware. Access to servers, storage, computing resources and networking all facilitated by IaaS. Furthermore, our data center contains networks and servers, and we are responsible for all the server physical equipment. Within a cloud infrastructure, the client is free to use their own platforms and applications.<\/p>\n<ul>\n<li>Instead of purchasing hardware outright, you pay for IaaS on demand<\/li>\n<li>Infrastructure is scalable depending on processing and storage needs<\/li>\n<li>You can save the costs of buying and maintaining your own hardware<\/li>\n<li>Because data is on the cloud, there is no single point of failure<\/li>\n<li>Enables the virtualization of administrative tasks, freeing up time for other work<\/li>\n<\/ul>\n<p>[\/vc_column_text][\/vc_tta_section][vc_tta_section title=&#8221;PLATFORM AS A SERV\u0130CE (PaaS)&#8221; tab_id=&#8221;1512046545584-e58e9e67-48e4&#8243;][vc_column_text]For those developers who are to allocate greater portions of their time testing, deploying and test their applications as opposed to handling task-centered duties and tasks like updating operating systems and managing security updates and patches. Through their service, a cloud environment that allows the user to manage delivery and further applications can be provided to you. Furthermore, clients are not able to utilize prebuilt suites of tools to customise, develop and trial their own applications.<\/p>\n<ul>\n<li>PaaS provides a platform with tools to test, develop, and host applications in the same environment<\/li>\n<li>Enables you to focus on development without having to worry about underlying infrastructure<\/li>\n<li>We manage security, operating systems, server software, and backups<\/li>\n<li>Facilitates collaborative work even if teams work remotely<\/li>\n<\/ul>\n<p>[\/vc_column_text][\/vc_tta_section][vc_tta_section title=&#8221;SOFTWARE AS A SERVICE (SaaS)&#8221; tab_id=&#8221;1512047105208-fedd9e18-ff48&#8243;][vc_column_text]Access to cloud-based software is provided by SaaS, applications aren\u2019t installed by you through or using local systems and devices. Rather, the cloud is where the applications are kept and an API or the internet is used to access them. Data can be assessed and analyzed, kept and accessed through using this application; SaaS requires no maintenance, support, development, update or backing up when using the necessary software.<\/p>\n<ul>\n<li>We provide you with software and applications on a subscription model<\/li>\n<li>You do not have to manage, install, or upgrade software; we manage this<\/li>\n<li>Data is secure in the cloud; equipment failure does not result in loss of data<\/li>\n<li>Use of resources can be scaled depending on service needs<\/li>\n<li>Applications are accessible from almost any Internet-connected device, from virtually anywhere in the world<\/li>\n<\/ul>\n<p>[\/vc_column_text][\/vc_tta_section][\/vc_tta_tabs][\/vc_column][\/vc_row][vc_row][vc_column][vc_column_text][vc_row][vc_column width=&#8221;1\/1&#8243;][vc_column_text]<\/p>\n<p>&nbsp;<\/p>\n<p>[\/vc_column_text][\/vc_column][\/vc_row][vc_row][vc_column][vc_btn title=&#8221;*Get in Touch&#8221; color=&#8221;warning&#8221; link=&#8221;url:http%3A%2F%2Fwww.telehouseistanbul.com%2Fcontact%2F||target:%20_blank|&#8221;][\/vc_column][\/vc_row][vc_row][vc_column][vc_column_text]<\/p>\n<p>&nbsp;<\/p>\n<h4>TELEHOUSE ISTANBUL CLOUD SERVERS<\/h4>\n<p>You can buy the Cloud Server service tailor-made for your requests via <a href=\"http:\/\/www.teknotel.com\">www.teknotel.com<\/a> website now with additional features. Or you can call us and have instant and professional support 444 12 99.<\/p>\n<p>[\/vc_column_text][\/vc_column][\/vc_row][vc_row][vc_column][vc_btn title=&#8221;*Purchase now&#8221; color=&#8221;warning&#8221; link=&#8221;url:https%3A%2F%2Fwww.teknotel.com%2Fen%2Fcloud-listing|||&#8221;][\/vc_column][\/vc_row][vc_row][vc_column][vc_column_text]<\/p>\n<p>&nbsp;<\/p>\n<p>[\/vc_column_text][\/vc_column][\/vc_row][vc_row][vc_column]<table class=\"ts-compare-table ts-data-table ts-res-table\">\r\n\t\t\t\t<thead>\r\n\t\t\t\t<tr class=\"title-table-data\"><th>PROCESSOR<\/th><th>RAM <\/th><th> DISK<\/th><th>BANDWIDTH (Unshared Non-quota)<\/th><th>COST MONTHY<\/th><\/tr>\r\n\t\t\t\t<\/thead>\r\n\t\t\t\t<tbody>\t<tr>\t\t\t<td data-title=\"PROCESSOR\">2 CORE\u00a0<\/td>\t\t\t<td data-title=\"RAM \"> 1.0 GB <\/td>\t\t\t<td data-title=\" DISK\"> 20 GB <\/td>\t\t\t<td data-title=\"BANDWIDTH (Unshared Non-quota)\">\u00a010 Mbps\u00a0<\/td>\t\t\t<td data-title=\"COST MONTHY\"> 25.00$<br \/><\/td>\t<\/tr>\t<tr>\t\t\t<td data-title=\"PROCESSOR\">2 CORE <\/td>\t\t\t<td data-title=\"RAM \"> 1.0 GB\u00a0<\/td>\t\t\t<td data-title=\" DISK\"> 25 GB\u00a0<\/td>\t\t\t<td data-title=\"BANDWIDTH (Unshared Non-quota)\"> 10 Mbps\u00a0<\/td>\t\t\t<td data-title=\"COST MONTHY\"> 26.00$<br \/><\/td>\t<\/tr>\t<tr>\t\t\t<td data-title=\"PROCESSOR\">2 CORE <\/td>\t\t\t<td data-title=\"RAM \"> 2.0 GB <\/td>\t\t\t<td data-title=\" DISK\"> 50 GB<\/td>\t\t\t<td data-title=\"BANDWIDTH (Unshared Non-quota)\"> 10 Mbps <\/td>\t\t\t<td data-title=\"COST MONTHY\"> 37.00$<br \/><\/td>\t<\/tr>\t<tr>\t\t\t<td data-title=\"PROCESSOR\">4 CORE <\/td>\t\t\t<td data-title=\"RAM \"> 2.0 GB <\/td>\t\t\t<td data-title=\" DISK\"> 60 GB <\/td>\t\t\t<td data-title=\"BANDWIDTH (Unshared Non-quota)\"> 10 Mbps <\/td>\t\t\t<td data-title=\"COST MONTHY\"> 53.00$<br \/><\/td>\t<\/tr>\t<tr>\t\t\t<td data-title=\"PROCESSOR\">4 CORE\u00a0<\/td>\t\t\t<td data-title=\"RAM \"> 4.0 GB <\/td>\t\t\t<td data-title=\" DISK\"> 70 GB <\/td>\t\t\t<td data-title=\"BANDWIDTH (Unshared Non-quota)\"> 10 Mbps <\/td>\t\t\t<td data-title=\"COST MONTHY\"> 67.00$<br \/><\/td>\t<\/tr>\t<tr>\t\t\t<td data-title=\"PROCESSOR\">4 CORE <\/td>\t\t\t<td data-title=\"RAM \"> 4.0 GB <\/td>\t\t\t<td data-title=\" DISK\"> 80 GB 10 <\/td>\t\t\t<td data-title=\"BANDWIDTH (Unshared Non-quota)\"> Mbps <\/td>\t\t\t<td data-title=\"COST MONTHY\"> 69.00$<br \/><\/td>\t<\/tr>\t<tr>\t\t\t<td data-title=\"PROCESSOR\">6 CORE <\/td>\t\t\t<td data-title=\"RAM \"> 6.0 GB <\/td>\t\t\t<td data-title=\" DISK\"> 100 GB <\/td>\t\t\t<td data-title=\"BANDWIDTH (Unshared Non-quota)\"> 10 Mbps <\/td>\t\t\t<td data-title=\"COST MONTHY\"> 99.00$<br \/><\/td>\t<\/tr>\t<tr>\t\t\t<td data-title=\"PROCESSOR\">6 CORE <\/td>\t\t\t<td data-title=\"RAM \"> 8.0 GB <\/td>\t\t\t<td data-title=\" DISK\"> 110 GB <\/td>\t\t\t<td data-title=\"BANDWIDTH (Unshared Non-quota)\"> 10 Mbps <\/td>\t\t\t<td data-title=\"COST MONTHY\"> 113.00$<br \/><\/td>\t<\/tr>\t<tr>\t\t\t<td data-title=\"PROCESSOR\">6 CORE <\/td>\t\t\t<td data-title=\"RAM \"> 10.0 GB <\/td>\t\t\t<td data-title=\" DISK\"> 140 GB <\/td>\t\t\t<td data-title=\"BANDWIDTH (Unshared Non-quota)\"> 10 Mbps <\/td>\t\t\t<td data-title=\"COST MONTHY\"> 131.00$<br \/><\/td>\t<\/tr>\t<tr>\t\t\t<td data-title=\"PROCESSOR\">6 CORE\u00a0<\/td>\t\t\t<td data-title=\"RAM \"> 12.0 GB <\/td>\t\t\t<td data-title=\" DISK\"> 200 GB\u00a0<\/td>\t\t\t<td data-title=\"BANDWIDTH (Unshared Non-quota)\"> 10 Mbps\u00a0<\/td>\t\t\t<td data-title=\"COST MONTHY\"> 155.00$<\/td>\t<\/tr><\/tbody><\/table>[\/vc_column][\/vc_row][vc_row][vc_column][vc_column_text]<\/p>\n<p>&nbsp;<\/p>\n<p>[\/vc_column_text][\/vc_column][\/vc_row][vc_row][vc_column]<table class=\"ts-compare-table ts-data-table ts-res-table\">\r\n\t\t\t\t<thead>\r\n\t\t\t\t<tr class=\"title-table-data\"><th>SERVICES<\/th><th>DETAILS<\/th><\/tr>\r\n\t\t\t\t<\/thead>\r\n\t\t\t\t<tbody>\t<tr>\t\t\t<td data-title=\"SERVICES\">Virtualization Platform\u00a0<\/td>\t\t\t<td data-title=\"DETAILS\"> VMware, Hyper-V<br \/><\/td>\t<\/tr>\t<tr>\t\t\t<td data-title=\"SERVICES\">Operating System\u00a0<\/td>\t\t\t<td data-title=\"DETAILS\"> Windows, Linux<br \/><\/td>\t<\/tr>\t<tr>\t\t\t<td data-title=\"SERVICES\">SaaS\u00a0<\/td>\t\t\t<td data-title=\"DETAILS\"> Microsoft Softwares<br \/><\/td>\t<\/tr>\t<tr>\t\t\t<td data-title=\"SERVICES\">Control Panel <\/td>\t\t\t<td data-title=\"DETAILS\"> Plesk, C-Panel<br \/><\/td>\t<\/tr>\t<tr>\t\t\t<td data-title=\"SERVICES\">Processor <\/td>\t\t\t<td data-title=\"DETAILS\"> 1-32 core<br \/><\/td>\t<\/tr>\t<tr>\t\t\t<td data-title=\"SERVICES\">RAM <\/td>\t\t\t<td data-title=\"DETAILS\">1-32GB, 64GB, 128GB<br \/><\/td>\t<\/tr>\t<tr>\t\t\t<td data-title=\"SERVICES\">Disk Type\u00a0<\/td>\t\t\t<td data-title=\"DETAILS\"> 1GB HD 10.000 &#038; 15.000 rpm SAS, 1GB HD SSD<br \/><\/td>\t<\/tr>\t<tr>\t\t\t<td data-title=\"SERVICES\">DISK\u00a0<\/td>\t\t\t<td data-title=\"DETAILS\"> 20-1.000GB<br \/><\/td>\t<\/tr>\t<tr>\t\t\t<td data-title=\"SERVICES\">Bandwidth\u00a0(Unshared, nonquota)\u00a0<\/td>\t\t\t<td data-title=\"DETAILS\"> 10-100Mbps<br \/><\/td>\t<\/tr>\t<tr>\t\t\t<td data-title=\"SERVICES\">Security Services <\/td>\t\t\t<td data-title=\"DETAILS\"> DDoS protection, firewall protection, cloud backup<\/td>\t<\/tr><\/tbody><\/table>[\/vc_column][\/vc_row][vc_row][vc_column][vc_column_text]<\/p>\n<p>&nbsp;<\/p>\n<p>[\/vc_column_text][\/vc_column][\/vc_row][vc_row][vc_column width=&#8221;1\/3&#8243;][vc_column_text]<\/p>\n<ul>\n<li>HP BLADE C700 servers<\/li>\n<li>100% redundant structure<\/li>\n<li>SSD-speed performance<\/li>\n<li>High IOPS values<\/li>\n<li>Redundant storage structure<\/li>\n<li>VMware and Hyper-v platforms<\/li>\n<li>vSphere Web Client Disaster Recovery automation<\/li>\n<li>OS, network layer, database monitoring<\/li>\n<li>System monitoring and service performance graphics<\/li>\n<\/ul>\n<p>[\/vc_column_text][\/vc_column][vc_column width=&#8221;1\/3&#8243;][vc_column_text]<\/p>\n<ul>\n<li>100% dedicated virtual servers<\/li>\n<li>99.9999% uptime guarantee<\/li>\n<li>Fast installation, instant service activation<\/li>\n<li>Multiple OS support including Linux, Windows and others<\/li>\n<li>Modular structure, instant capacity increase<\/li>\n<li>Customer-dedicated cloud environment<\/li>\n<li>Disaster Recovery automation<\/li>\n<li>Change and configuration management<\/li>\n<li>Multiple IP allocation feature<\/li>\n<\/ul>\n<p>[\/vc_column_text][\/vc_column][vc_column width=&#8221;1\/3&#8243;][vc_column_text]\u00a0[\/vc_column_text][\/vc_column][\/vc_row][vc_row][vc_column][vc_column_text]<\/p>\n<p>Rather than having to pay higher costs upfront to procure the software you need, you are able to rent the licenses you want at a low monthly cost.<\/p>\n<p>[\/vc_column_text][\/vc_column][\/vc_row][vc_row][vc_column width=&#8221;1\/3&#8243;][vc_column_text]<\/p>\n<ul>\n<li>Windows Server Datacenter<\/li>\n<li>Windows Server Standart<\/li>\n<li>System Center Standart<\/li>\n<li>System Center Data Center<\/li>\n<li>SQL Standart SAL<\/li>\n<li>Exchange Enterprise Plus<\/li>\n<li>Remote Desktop<\/li>\n<li>SQL Enterprise<\/li>\n<\/ul>\n<p>[\/vc_column_text][\/vc_column][vc_column width=&#8221;1\/3&#8243;][vc_column_text]<\/p>\n<ul>\n<li>SQL Standart<\/li>\n<li>Exchange Enterprise<\/li>\n<li>Exchange Basic<\/li>\n<li>Visual Studio<\/li>\n<li>Exchange Standart<\/li>\n<li>Exchange Standart Plus<\/li>\n<li>Windows Server Essentials<\/li>\n<li>SQL Server Web Editions<\/li>\n<\/ul>\n<p>[\/vc_column_text][\/vc_column][vc_column width=&#8221;1\/3&#8243;][vc_column_text]\u00a0[\/vc_column_text][\/vc_column][\/vc_row][vc_row][vc_column][vc_column_text]<\/p>\n<h5>5 steps for seamless TELEHOUSE ISTANBUL cloud integration<\/h5>\n<ol>\n<li>You will work alongside our cloud engineers and architects to determine the best cloud strategy suitable for you so that your firm can grow, your businesses application needs are met according to the best cloud model for you.<\/li>\n<li>Cost reduction opportunities, budgets, better delivery of services, higher integration level, better budgeting and a greater level of autonomy in real-time working are facilitated.<\/li>\n<li>Virtual and physical infrastructure within an allocated data center choice for implementation and design for DR services backup.<\/li>\n<li>Security strategies and connectivity established throughout the development of the application and test environment release.<\/li>\n<li>Further assimilation and integration into the rest of the firm using on-premises databases and applications to optimise cloud technology potential.<\/li>\n<\/ol>\n<p>[\/vc_column_text][\/vc_column][\/vc_row][vc_row][\/vc_row][vc_column][\/vc_column][vc_btn title=&#8221;*Get in Touch&#8221; color=&#8221;warning&#8221; link=&#8221;url:http%3A%2F%2Fwww.telehouseistanbul.com%2Fcontact%2F||target:%20_blank|&#8221;]<\/p>\n","protected":false},"excerpt":{"rendered":"<p>[vc_row][vc_column][vc_column_text] TELEHOUSE ISTANBUL PRIVATE and HYBRID CLOUD Services provides maximum Performance, Scalability, and Security We want to make sure that we provide you with the most appropriate and fitting cloud service for your firm. Regarding security, proficiency, and cost-effectiveness our specialist and experienced team can try and help you choose the most appropriate cloud service [&hellip;]<\/p>\n","protected":false},"author":3,"featured_media":1476,"parent":0,"menu_order":0,"comment_status":"closed","ping_status":"closed","template":"templates\/page_sidebar_left.php","meta":[],"_links":{"self":[{"href":"https:\/\/www.telehouseistanbul.com\/ar\/wp-json\/wp\/v2\/pages\/783"}],"collection":[{"href":"https:\/\/www.telehouseistanbul.com\/ar\/wp-json\/wp\/v2\/pages"}],"about":[{"href":"https:\/\/www.telehouseistanbul.com\/ar\/wp-json\/wp\/v2\/types\/page"}],"author":[{"embeddable":true,"href":"https:\/\/www.telehouseistanbul.com\/ar\/wp-json\/wp\/v2\/users\/3"}],"replies":[{"embeddable":true,"href":"https:\/\/www.telehouseistanbul.com\/ar\/wp-json\/wp\/v2\/comments?post=783"}],"version-history":[{"count":106,"href":"https:\/\/www.telehouseistanbul.com\/ar\/wp-json\/wp\/v2\/pages\/783\/revisions"}],"predecessor-version":[{"id":2612,"href":"https:\/\/www.telehouseistanbul.com\/ar\/wp-json\/wp\/v2\/pages\/783\/revisions\/2612"}],"wp:featuredmedia":[{"embeddable":true,"href":"https:\/\/www.telehouseistanbul.com\/ar\/wp-json\/wp\/v2\/media\/1476"}],"wp:attachment":[{"href":"https:\/\/www.telehouseistanbul.com\/ar\/wp-json\/wp\/v2\/media?parent=783"}],"curies":[{"name":"wp","href":"https:\/\/api.w.org\/{rel}","templated":true}]}}